{"id":92,"date":"2025-12-23T16:32:29","date_gmt":"2025-12-23T15:32:29","guid":{"rendered":"https:\/\/clubdrup.be\/?page_id=92"},"modified":"2026-01-27T11:59:41","modified_gmt":"2026-01-27T10:59:41","slug":"algemene-voorwaarden","status":"publish","type":"page","link":"https:\/\/clubdrup.be\/index.php\/algemene-voorwaarden\/","title":{"rendered":"Algemene voorwaarden Clubdrup\u00ae"},"content":{"rendered":"<nav class=\"is-responsive wp-block-navigation is-layout-flex wp-block-navigation-is-layout-flex\" aria-label=\"Footer menu 3\" \n\t\t data-wp-interactive=\"core\/navigation\" data-wp-context='{\"overlayOpenedBy\":{\"click\":false,\"hover\":false,\"focus\":false},\"type\":\"overlay\",\"roleAttribute\":\"\",\"ariaLabel\":\"Menu\"}'><button aria-haspopup=\"dialog\" aria-label=\"Open menu\" class=\"wp-block-navigation__responsive-container-open\" \n\t\t\t\tdata-wp-on--click=\"actions.openMenuOnClick\"\n\t\t\t\tdata-wp-on--keydown=\"actions.handleMenuKeydown\"\n\t\t\t><svg width=\"24\" height=\"24\" xmlns=\"http:\/\/www.w3.org\/2000\/svg\" viewBox=\"0 0 24 24\" aria-hidden=\"true\" focusable=\"false\"><path d=\"M4 7.5h16v1.5H4z\"><\/path><path d=\"M4 15h16v1.5H4z\"><\/path><\/svg><\/button>\n\t\t\t\t<div class=\"wp-block-navigation__responsive-container\"  id=\"modal-1\" \n\t\t\t\tdata-wp-class--has-modal-open=\"state.isMenuOpen\"\n\t\t\t\tdata-wp-class--is-menu-open=\"state.isMenuOpen\"\n\t\t\t\tdata-wp-watch=\"callbacks.initMenu\"\n\t\t\t\tdata-wp-on--keydown=\"actions.handleMenuKeydown\"\n\t\t\t\tdata-wp-on--focusout=\"actions.handleMenuFocusout\"\n\t\t\t\ttabindex=\"-1\"\n\t\t\t>\n\t\t\t\t\t<div class=\"wp-block-navigation__responsive-close\" tabindex=\"-1\">\n\t\t\t\t\t\t<div class=\"wp-block-navigation__responsive-dialog\" \n\t\t\t\tdata-wp-bind--aria-modal=\"state.ariaModal\"\n\t\t\t\tdata-wp-bind--aria-label=\"state.ariaLabel\"\n\t\t\t\tdata-wp-bind--role=\"state.roleAttribute\"\n\t\t\t>\n\t\t\t\t\t\t\t<button aria-label=\"Close menu\" class=\"wp-block-navigation__responsive-container-close\" \n\t\t\t\tdata-wp-on--click=\"actions.closeMenuOnClick\"\n\t\t\t><svg xmlns=\"http:\/\/www.w3.org\/2000\/svg\" viewBox=\"0 0 24 24\" width=\"24\" height=\"24\" aria-hidden=\"true\" focusable=\"false\"><path d=\"m13.06 12 6.47-6.47-1.06-1.06L12 10.94 5.53 4.47 4.47 5.53 10.94 12l-6.47 6.47 1.06 1.06L12 13.06l6.47 6.47 1.06-1.06L13.06 12Z\"><\/path><\/svg><\/button>\n\t\t\t\t\t\t\t<div class=\"wp-block-navigation__responsive-container-content\" \n\t\t\t\tdata-wp-watch=\"callbacks.focusFirstElement\"\n\t\t\t id=\"modal-1-content\">\n\t\t\t\t\t\t\t\t<ul class=\"wp-block-navigation__container is-responsive wp-block-navigation\"><li class=\" wp-block-navigation-item wp-block-navigation-link\"><a class=\"wp-block-navigation-item__content\"  href=\"https:\/\/clubdrup.be\/\"><span class=\"wp-block-navigation-item__label\">Home<\/span><\/a><\/li><li class=\" wp-block-navigation-item wp-block-navigation-link\"><a class=\"wp-block-navigation-item__content\"  href=\"http:\/\/clubdrup.be\/index.php\/ons-team\/\"><span class=\"wp-block-navigation-item__label\">Ons team<\/span><\/a><\/li><li class=\" wp-block-navigation-item wp-block-navigation-link\"><a class=\"wp-block-navigation-item__content\"  href=\"https:\/\/clubdrup.be\/index.php\/onze-visie\/\"><span class=\"wp-block-navigation-item__label\">Onze visie<\/span><\/a><\/li><li class=\" wp-block-navigation-item wp-block-navigation-link\"><a class=\"wp-block-navigation-item__content\"  href=\"https:\/\/clubdrup.be\/index.php\/veelgestelde-vragen\/\"><span class=\"wp-block-navigation-item__label\">Veelgestelde vragen<\/span><\/a><\/li><li class=\" wp-block-navigation-item wp-block-navigation-link\"><a class=\"wp-block-navigation-item__content\"  href=\"https:\/\/clubdrup.be\/index.php\/wat-anderen-van-ons-vinden\/\"><span class=\"wp-block-navigation-item__label\">Wat anderen van ons vinden<\/span><\/a><\/li><li class=\" wp-block-navigation-item wp-block-navigation-link\"><a class=\"wp-block-navigation-item__content\"  href=\"https:\/\/clubdrup.be\/index.php\/inschrijven\/\"><span class=\"wp-block-navigation-item__label\"><strong><mark class=\"has-inline-color has-custom-color-1-color\">Inschrijven<\/mark><\/strong><\/span><\/a><\/li><\/ul>\n\t\t\t\t\t\t\t<\/div>\n\t\t\t\t\t\t<\/div>\n\t\t\t\t\t<\/div>\n\t\t\t\t<\/div><\/nav>\n\n\n<p><strong>Algemene voorwaarden<\/strong><\/p>\n\n\n\n<p>Onderstaande voorwaarden zijn van toepassing op de zwemlessen en overeenkomsten met zwemschool Clubdrup. Afwijkende voorwaarden gelden slechts, indien en voor zover die door Clubdrup uitdrukkelijk schriftelijk zijn aanvaard.<\/p>\n\n\n\n<p>1 <strong>Zwemlessen<\/strong>: De zwemlessen vinden plaats op vaste dagen en tijdstippen. Deze informatie wordt na inschrijving per e-mail aan u meegedeeld. <\/p>\n\n\n\n<p>U kunt, afhankelijk van de beschikbaarheid, een voorkeur voor dag en tijdstip aangeven. Clubdrup streeft ernaar hiermee rekening te houden, maar kan dit niet garanderen. Beschikbare tijdstippen kunnen wijzigen en worden toegewezen op basis van beschikbaarheid.<\/p>\n\n\n\n<p>2 <strong>Inschrijving<\/strong> <strong>en betaling<\/strong>: De inschrijving voor een lessenreeks is pas definitief na ontvangst van de volledige betaling. <\/p>\n\n\n\n<p>Een lessenreeks omvat tien (10) zwemlessen van elk dertig (30) minuten, verspreid over tien weken, met \u00e9\u00e9n les per week. Indien een deelnemer een of meerdere keren afwezig is geweest, kan \u00e9\u00e9n (1) inhaalles worden ingepland op zaterdagvoormiddag van week tien (10), afhankelijk van beschikbaarheid.<\/p>\n\n\n\n<p>Betalingen zijn niet terugbetaalbaar, behoudens uitdrukkelijk anders overeengekomen uitzonderingen. Een lessenreeks is strikt persoonlijk en niet overdraagbaar. <\/p>\n\n\n\n<p>Bij laattijdige of onvolledige betaling behoudt Clubdrup zich het recht voor de deelname aan de zwemlessen te weigeren. Betalen kan via overschrijving of contant. Het volledige bedrag van de lessenreeks dient betaald te worden bij aanvang van de eerste les. <\/p>\n\n\n\n<p>Een inschrijving is telkens geldig voor \u00e9\u00e9n (1) lessenreeks. Voor een volgende lessenreeks is een nieuwe inschrijving vereist. Inschrijvingen worden nooit automatisch verlengd.<\/p>\n\n\n\n<p>Door zich in te schrijven bij Clubdrup verklaart de deelnemer kennis te hebben genomen van en akkoord te gaan met deze algemene voorwaarden. Deelname aan de lessen is uitsluitend mogelijk indien de algemene voorwaarden worden aanvaard.<\/p>\n\n\n\n<p>3 <strong>Toezicht<\/strong> <strong>en verantwoordelijkheid<\/strong>: Ouders of wettelijke voogden blijven verantwoordelijk voor hun kind tot aan de start van de zwemles en onmiddellijk na afloop ervan. Clubdrup is uitsluitend verantwoordelijk voor de deelnemers tijdens de effectieve lestijd. Broertjes, zusjes en andere kinderen die niet deelnemen aan de zwemles vallen niet onder het toezicht van Clubdrup.<\/p>\n\n\n\n<p>4 <strong>Afwezigheid<\/strong>: Gelieve een afwezigheid vooraf te melden per e-mail via <em>info@clubdrup.be<\/em> of via het telefoonnummer vermeld in de inschrijvingsbevestiging.<\/p>\n\n\n\n<p>Indien een deelnemer een zwemles mist wegens ziekte of andere persoonlijke redenen, kan per lessenreeks \u00e9\u00e9n (1) les worden ingehaald. Het inhaalmoment is op zaterdagvoormiddag na de lessenreeks. Er kan echter niet worden gegarandeerd dat elke gemiste les effectief kan worden ingehaald.<\/p>\n\n\n\n<p>5 <strong>Annulatie van lessen<\/strong>: In geval van overmacht, zoals maar niet beperkt tot ongunstige weersomstandigheden (<em>bijvoorbeeld regenweer<\/em>), kan Clubdrup beslissen om een zwemles te annuleren. In dat geval wordt de geannuleerde les op een later tijdstip ingehaald, zonder dat er recht bestaat op enige bijkomende schadevergoeding. Clubdrup bepaalt autonoom wanneer de omstandigheden het niet toelaten om de zwemlessen veilig te laten doorgaan. <\/p>\n\n\n\n<p>Clubdrup behoudt zich het recht voor om zwemlessen te annuleren of te herorganiseren in geval van ziekte van de lesgever, technische problemen of om veiligheidsredenen. In dergelijke gevallen wordt een alternatief aangeboden, zonder dat er recht bestaat op enige bijkomende schadevergoeding.<\/p>\n\n\n\n<p>6 <strong>Schade<\/strong>: Indien een deelnemer of diens begeleider opzettelijk of door nalatigheid schade toebrengt aan materiaal dat eigendom is van Clubdrup en\/of omliggende terreinen, behoudt Clubdrup zich het recht voor om de lopende lessenreeks onmiddellijk stop te zetten, zonder recht op terugbetaling.<br>Daarnaast kan de benadeelde een schadevergoeding eisen ter vergoeding van de geleden schade.<\/p>\n\n\n\n<p>7 <strong>Medische geschiktheid<\/strong>: Ouders of wettelijke voogden verklaren dat het kind medisch geschikt is om deel te nemen aan de zwemlessen. Alle relevante medische informatie, zoals maar niet beperkt tot astma, epilepsie of allergie\u00ebn, dient v\u00f3\u00f3r de aanvang van de lessen schriftelijk te worden meegedeeld aan Clubdrup via e-mailadres <em>info@clubdrup.be<\/em> of op het inschrijvingsformulier. Clubdrup kan niet aansprakelijk worden gesteld voor incidenten die voortvloeien uit het niet of onvolledig meedelen van dergelijke medische informatie of die voortkomen uit onbekende medische omstandigheden.<\/p>\n\n\n\n<p>8 <strong>Gedrag deelnemers<\/strong>: Onveilig, storend, of agressief gedrag of pestgedrag kan aanleiding geven tot tijdelijke of definitieve uitsluiting van verdere deelname aan de zwemlessen. Een dergelijke uitsluiting geeft geen recht op terugbetaling van (een deel van) de lessenreeks.<\/p>\n\n\n\n<p>In de omkleedruimte wordt van iedereen verwacht dat hij of zij zich ordelijk en netjes gedraagt. Kleding mag tijdens de zwemles in de omkleedruimte blijven liggen, maar dit is geheel op eigen risico. Na de zwemles kan de omkleedruimte opnieuw worden gebruikt. Gebruik van de binnendouche is niet toegestaan.<\/p>\n\n\n\n<p>9 <strong>Aansprakelijkheid<\/strong>: Clubdrup beschikt over een verzekering burgerlijke aansprakelijkheid die van toepassing is tijdens de georganiseerde zwemlessen en activiteiten. Deelname aan de zwemlessen gebeurt op eigen risico, binnen de grenzen van de wettelijke en verzekerde aansprakelijkheid. <\/p>\n\n\n\n<p>Clubdrup is niet aansprakelijk voor verlies, diefstal of schade aan persoonlijke eigendommen, noch voor ongevallen. De aansprakelijkheid van Clubdrup is in alle gevallen beperkt tot de burgerlijke aansprakelijkheid, verzekerd via AG onder polisnummer 67129540. Er is geen ongevallenverzekering voor deelnemers. Voor ongevallen waarvoor Clubdrup of zijn lesgevers niet aansprakelijk zijn, kan geen vergoeding gevraagd worden. Indien u hier verdere vragen over heeft, kan u zich steeds wenden tot onze verzekeraar &#8216;<em>UwVerzekeraar<\/em>&#8216; via <a href=\"http:\/\/www.uwverzekeraar.be\/\" target=\"_blank\" rel=\"noreferrer noopener\">www.uwverzekeraar.be<\/a> .<\/p>\n\n\n\n<p>10 <strong>Foto- en videomateriaal<\/strong>: Tijdens de zwemlessen kunnen foto\u2019s en\/of video\u2019s worden gemaakt voor promotionele doeleinden. Bij inschrijving op het inschrijvingsformulier kan worden aangeduid of men al dan niet toestemming geeft. Dit kan later nog gewijzigd worden, indien ouders bezwaar maken door een schriftelijk verzoek te sturen naar <em>info@clubdrup.be<\/em> v\u00f3\u00f3r de eerste les. Beelden worden nooit commercieel doorverkocht.<\/p>\n\n\n\n<p>11 <strong>Privacy en gegevensbescherming<\/strong>: Persoonsgegevens worden uitsluitend gebruikt voor administratieve en organisatorische doeleinden in het kader van de zwemlessen en in overeenstemming met de GDPR. Deze gegevens worden niet gedeeld met derden, tenzij dit wettelijk verplicht is. Ouders hebben steeds het recht op inzage, correctie en verwijdering van de persoonsgegevens van hun kind. <\/p>\n\n\n\n<p>12 <strong>Wijziging van de voorwaarden<\/strong>: Clubdrup behoudt zich het recht voor om deze algemene voorwaarden te wijzigen. De meest recente versie van de algemene voorwaarden is steeds van toepassing en raadpleegbaar via de website.<\/p>\n\n\n\n<p>13 <strong>Toepasselijk recht<\/strong>: Op deze algemene voorwaarden is uitsluitend het Belgisch recht van toepassing.<\/p>\n\n\n\n<p><\/p>\n\n\n\n<p>Contacteer ons!<\/p>\n\n\n\n<ul class=\"wp-block-social-links is-style-pill-shape is-layout-flex wp-block-social-links-is-layout-flex\"><li class=\"wp-social-link wp-social-link-instagram  wp-block-social-link\"><a href=\"https:\/\/www.instagram.com\/clubdrup\/\" class=\"wp-block-social-link-anchor\"><svg width=\"24\" height=\"24\" viewBox=\"0 0 24 24\" version=\"1.1\" xmlns=\"http:\/\/www.w3.org\/2000\/svg\" aria-hidden=\"true\" focusable=\"false\"><path d=\"M12,4.622c2.403,0,2.688,0.009,3.637,0.052c0.877,0.04,1.354,0.187,1.671,0.31c0.42,0.163,0.72,0.358,1.035,0.673 c0.315,0.315,0.51,0.615,0.673,1.035c0.123,0.317,0.27,0.794,0.31,1.671c0.043,0.949,0.052,1.234,0.052,3.637 s-0.009,2.688-0.052,3.637c-0.04,0.877-0.187,1.354-0.31,1.671c-0.163,0.42-0.358,0.72-0.673,1.035 c-0.315,0.315-0.615,0.51-1.035,0.673c-0.317,0.123-0.794,0.27-1.671,0.31c-0.949,0.043-1.233,0.052-3.637,0.052 s-2.688-0.009-3.637-0.052c-0.877-0.04-1.354-0.187-1.671-0.31c-0.42-0.163-0.72-0.358-1.035-0.673 c-0.315-0.315-0.51-0.615-0.673-1.035c-0.123-0.317-0.27-0.794-0.31-1.671C4.631,14.688,4.622,14.403,4.622,12 s0.009-2.688,0.052-3.637c0.04-0.877,0.187-1.354,0.31-1.671c0.163-0.42,0.358-0.72,0.673-1.035 c0.315-0.315,0.615-0.51,1.035-0.673c0.317-0.123,0.794-0.27,1.671-0.31C9.312,4.631,9.597,4.622,12,4.622 M12,3 C9.556,3,9.249,3.01,8.289,3.054C7.331,3.098,6.677,3.25,6.105,3.472C5.513,3.702,5.011,4.01,4.511,4.511 c-0.5,0.5-0.808,1.002-1.038,1.594C3.25,6.677,3.098,7.331,3.054,8.289C3.01,9.249,3,9.556,3,12c0,2.444,0.01,2.751,0.054,3.711 c0.044,0.958,0.196,1.612,0.418,2.185c0.23,0.592,0.538,1.094,1.038,1.594c0.5,0.5,1.002,0.808,1.594,1.038 c0.572,0.222,1.227,0.375,2.185,0.418C9.249,20.99,9.556,21,12,21s2.751-0.01,3.711-0.054c0.958-0.044,1.612-0.196,2.185-0.418 c0.592-0.23,1.094-0.538,1.594-1.038c0.5-0.5,0.808-1.002,1.038-1.594c0.222-0.572,0.375-1.227,0.418-2.185 C20.99,14.751,21,14.444,21,12s-0.01-2.751-0.054-3.711c-0.044-0.958-0.196-1.612-0.418-2.185c-0.23-0.592-0.538-1.094-1.038-1.594 c-0.5-0.5-1.002-0.808-1.594-1.038c-0.572-0.222-1.227-0.375-2.185-0.418C14.751,3.01,14.444,3,12,3L12,3z M12,7.378 c-2.552,0-4.622,2.069-4.622,4.622S9.448,16.622,12,16.622s4.622-2.069,4.622-4.622S14.552,7.378,12,7.378z M12,15 c-1.657,0-3-1.343-3-3s1.343-3,3-3s3,1.343,3,3S13.657,15,12,15z M16.804,6.116c-0.596,0-1.08,0.484-1.08,1.08 s0.484,1.08,1.08,1.08c0.596,0,1.08-0.484,1.08-1.08S17.401,6.116,16.804,6.116z\"><\/path><\/svg><span class=\"wp-block-social-link-label screen-reader-text\">Instagram<\/span><\/a><\/li>\n\n<li class=\"wp-social-link wp-social-link-mail  wp-block-social-link\"><a href=\"mailto:&#105;&#110;f&#114;o&#064;c&#108;u&#098;d&#114;&#117;p.b&#101;\" class=\"wp-block-social-link-anchor\"><svg width=\"24\" height=\"24\" viewBox=\"0 0 24 24\" version=\"1.1\" xmlns=\"http:\/\/www.w3.org\/2000\/svg\" aria-hidden=\"true\" focusable=\"false\"><path d=\"M19,5H5c-1.1,0-2,.9-2,2v10c0,1.1.9,2,2,2h14c1.1,0,2-.9,2-2V7c0-1.1-.9-2-2-2zm.5,12c0,.3-.2.5-.5.5H5c-.3,0-.5-.2-.5-.5V9.8l7.5,5.6,7.5-5.6V17zm0-9.1L12,13.6,4.5,7.9V7c0-.3.2-.5.5-.5h14c.3,0,.5.2.5.5v.9z\"><\/path><\/svg><span class=\"wp-block-social-link-label screen-reader-text\">Mail<\/span><\/a><\/li>\n\n<li class=\"wp-social-link wp-social-link-facebook  wp-block-social-link\"><a href=\"https:\/\/www.facebook.com\/profile.php?id=61585885290935\" class=\"wp-block-social-link-anchor\"><svg width=\"24\" height=\"24\" viewBox=\"0 0 24 24\" version=\"1.1\" xmlns=\"http:\/\/www.w3.org\/2000\/svg\" aria-hidden=\"true\" focusable=\"false\"><path d=\"M12 2C6.5 2 2 6.5 2 12c0 5 3.7 9.1 8.4 9.9v-7H7.9V12h2.5V9.8c0-2.5 1.5-3.9 3.8-3.9 1.1 0 2.2.2 2.2.2v2.5h-1.3c-1.2 0-1.6.8-1.6 1.6V12h2.8l-.4 2.9h-2.3v7C18.3 21.1 22 17 22 12c0-5.5-4.5-10-10-10z\"><\/path><\/svg><span class=\"wp-block-social-link-label screen-reader-text\">Facebook<\/span><\/a><\/li><\/ul>\n\n\n\n<p><a href=\"https:\/\/clubdrup.be\/index.php\/algemene-voorwaarden\/\" data-type=\"page\" data-id=\"92\">Algemene voorwaarden Clubdrup<\/a><\/p>\n\n\n\n<p><em>Clubdrup\u00ae &#8211; Binnensteenweg 125, 2530 Boechout &#8211; BTWNR<\/em> <em>BE1032.432.366<\/em><\/p>\n","protected":false},"excerpt":{"rendered":"<p>Algemene voorwaarden Onderstaande voorwaarden zijn van toepassing op de zwemlessen en overeenkomsten met zwemschool Clubdrup. Afwijkende voorwaarden gelden slechts, indien en voor zover die door Clubdrup uitdrukkelijk schriftelijk zijn aanvaard. 1 Zwemlessen: De zwemlessen vinden plaats op vaste dagen en tijdstippen. Deze informatie wordt na inschrijving per e-mail aan u meegedeeld. U kunt, afhankelijk van [&hellip;]<\/p>\n","protected":false},"author":1,"featured_media":0,"parent":0,"menu_order":0,"comment_status":"closed","ping_status":"closed","template":"","meta":{"footnotes":""},"class_list":["post-92","page","type-page","status-publish","hentry"],"_links":{"self":[{"href":"https:\/\/clubdrup.be\/index.php\/wp-json\/wp\/v2\/pages\/92","targetHints":{"allow":["GET"]}}],"collection":[{"href":"https:\/\/clubdrup.be\/index.php\/wp-json\/wp\/v2\/pages"}],"about":[{"href":"https:\/\/clubdrup.be\/index.php\/wp-json\/wp\/v2\/types\/page"}],"author":[{"embeddable":true,"href":"https:\/\/clubdrup.be\/index.php\/wp-json\/wp\/v2\/users\/1"}],"replies":[{"embeddable":true,"href":"https:\/\/clubdrup.be\/index.php\/wp-json\/wp\/v2\/comments?post=92"}],"version-history":[{"count":27,"href":"https:\/\/clubdrup.be\/index.php\/wp-json\/wp\/v2\/pages\/92\/revisions"}],"predecessor-version":[{"id":317,"href":"https:\/\/clubdrup.be\/index.php\/wp-json\/wp\/v2\/pages\/92\/revisions\/317"}],"wp:attachment":[{"href":"https:\/\/clubdrup.be\/index.php\/wp-json\/wp\/v2\/media?parent=92"}],"curies":[{"name":"wp","href":"https:\/\/api.w.org\/{rel}","templated":true}]}}